{"id":394,"date":"2022-10-19T13:58:34","date_gmt":"2022-10-19T11:58:34","guid":{"rendered":"https:\/\/demo.athemes.com\/botiga-beauty-el\/?page_id=393"},"modified":"2024-06-26T18:08:20","modified_gmt":"2024-06-26T16:08:20","slug":"contact","status":"publish","type":"page","link":"https:\/\/dev.kweb.pl\/meloshop\/contact\/","title":{"rendered":"CONTACT"},"content":{"rendered":"\t\t<div data-elementor-type=\"wp-page\" data-elementor-id=\"394\" class=\"elementor elementor-394\">\n\t\t\t\t\t\t<section class=\"elementor-section elementor-top-section elementor-element elementor-element-c275639 elementor-section-boxed elementor-section-height-default elementor-section-height-default\" data-id=\"c275639\" data-element_type=\"section\" data-e-type=\"section\">\n\t\t\t\t\t\t<div class=\"elementor-container elementor-column-gap-default\">\n\t\t\t\t\t<div class=\"elementor-column elementor-col-100 elementor-top-column elementor-element elementor-element-486805b\" data-id=\"486805b\" data-element_type=\"column\" data-e-type=\"column\">\n\t\t\t<div class=\"elementor-widget-wrap elementor-element-populated\">\n\t\t\t\t\t\t<div class=\"elementor-element elementor-element-c58b691 elementor-widget elementor-widget-heading\" data-id=\"c58b691\" data-element_type=\"widget\" data-e-type=\"widget\" data-widget_type=\"heading.default\">\n\t\t\t\t<div class=\"elementor-widget-container\">\n\t\t\t\t\t<h2 class=\"elementor-heading-title elementor-size-default\">CONTACT<\/h2>\t\t\t\t<\/div>\n\t\t\t\t<\/div>\n\t\t\t\t\t<\/div>\n\t\t<\/div>\n\t\t\t\t\t<\/div>\n\t\t<\/section>\n\t\t\t\t<section class=\"elementor-section elementor-top-section elementor-element elementor-element-963138c elementor-section-boxed elementor-section-height-default elementor-section-height-default\" data-id=\"963138c\" data-element_type=\"section\" data-e-type=\"section\">\n\t\t\t\t\t\t<div class=\"elementor-container elementor-column-gap-default\">\n\t\t\t\t\t<div class=\"elementor-column elementor-col-100 elementor-top-column elementor-element elementor-element-d2566ee\" data-id=\"d2566ee\" data-element_type=\"column\" data-e-type=\"column\">\n\t\t\t<div class=\"elementor-widget-wrap elementor-element-populated\">\n\t\t\t\t\t\t<div class=\"elementor-element elementor-element-596537d elementor-widget__width-inherit elementor-widget elementor-widget-wpforms\" data-id=\"596537d\" data-element_type=\"widget\" data-e-type=\"widget\" data-widget_type=\"wpforms.default\">\n\t\t\t\t<div class=\"elementor-widget-container\">\n\t\t\t\t\t<div class=\"wpforms-container wpforms-container-full\" id=\"wpforms-438\"><form id=\"wpforms-form-438\" class=\"wpforms-validate wpforms-form wpforms-ajax-form\" data-formid=\"438\" method=\"post\" enctype=\"multipart\/form-data\" action=\"\/meloshop\/wp-json\/wp\/v2\/pages\/394\" data-token=\"5725c1eafaf8383e22ce10080f6765c6\" data-token-time=\"1777284843\"><noscript class=\"wpforms-error-noscript\">Aby wype\u0142ni\u0107 ten formularz, w\u0142\u0105cz obs\u0142ug\u0119 JavaScript w przegl\u0105darce.<\/noscript><div class=\"wpforms-field-container\"><div id=\"wpforms-438-field_0-container\" class=\"wpforms-field wpforms-field-name wpforms-one-half wpforms-first\" data-field-id=\"0\"><label class=\"wpforms-field-label\" for=\"wpforms-438-field_0\">Imi\u0119 <span class=\"wpforms-required-label\">*<\/span><\/label><input type=\"text\" id=\"wpforms-438-field_0\" class=\"wpforms-field-large wpforms-field-required\" name=\"wpforms[fields][0]\" required><\/div><div id=\"wpforms-438-field_1-container\" class=\"wpforms-field wpforms-field-email wpforms-one-half\" data-field-id=\"1\"><label class=\"wpforms-field-label\" for=\"wpforms-438-field_1\">Email <span class=\"wpforms-required-label\">*<\/span><\/label><input type=\"email\" id=\"wpforms-438-field_1\" class=\"wpforms-field-large wpforms-field-required\" name=\"wpforms[fields][1]\" spellcheck=\"false\" required><\/div><div id=\"wpforms-438-field_2-container\" class=\"wpforms-field wpforms-field-textarea\" data-field-id=\"2\"><label class=\"wpforms-field-label\" for=\"wpforms-438-field_2\">Wiadomo\u015b\u0107 <span class=\"wpforms-required-label\">*<\/span><\/label><textarea id=\"wpforms-438-field_2\" class=\"wpforms-field-large wpforms-field-required\" name=\"wpforms[fields][2]\" required><\/textarea><\/div><div id=\"wpforms-438-field_3-container\" class=\"wpforms-field wpforms-field-gdpr-checkbox\" data-field-id=\"3\"><label class=\"wpforms-field-label\">Zgoda RODO <span class=\"wpforms-required-label\">*<\/span><\/label><ul id=\"wpforms-438-field_3\" class=\"wpforms-field-required\"><li class=\"choice-1\"><input type=\"checkbox\" id=\"wpforms-438-field_3_1\" name=\"wpforms[fields][3][]\" value=\"Zgadzam si\u0119 na przechowywanie przes\u0142anych przeze mnie informacji w tej witrynie internetowej do cel\u00f3w udzielenia odpowiedzi na moje zapytanie.\" required ><label class=\"wpforms-field-label-inline\" for=\"wpforms-438-field_3_1\">Zgadzam si\u0119 na przechowywanie przes\u0142anych przeze mnie informacji w tej witrynie internetowej do cel\u00f3w udzielenia odpowiedzi na moje zapytanie.<\/label><\/li><\/ul><\/div><\/div><!-- .wpforms-field-container --><div class=\"wpforms-recaptcha-container wpforms-is-recaptcha wpforms-is-recaptcha-type-v3\" ><input type=\"hidden\" name=\"wpforms[recaptcha]\" value=\"\"><\/div><div class=\"wpforms-submit-container\" ><input type=\"hidden\" name=\"wpforms[id]\" value=\"438\"><input type=\"hidden\" name=\"page_title\" value=\"\"><input type=\"hidden\" name=\"page_url\" value=\"https:\/\/dev.kweb.pl\/meloshop\/wp-json\/wp\/v2\/pages\/394\"><input type=\"hidden\" name=\"url_referer\" value=\"\"><button type=\"submit\" name=\"wpforms[submit]\" id=\"wpforms-submit-438\" class=\"wpforms-submit\" data-alt-text=\"Wysy\u0142anie...\" data-submit-text=\"Wy\u015blij\" aria-live=\"assertive\" value=\"wpforms-submit\">Wy\u015blij<\/button><img decoding=\"async\" src=\"https:\/\/dev.kweb.pl\/meloshop\/wp-content\/plugins\/wpforms-lite\/assets\/images\/submit-spin.svg\" class=\"wpforms-submit-spinner\" style=\"display: none;\" width=\"26\" height=\"26\" alt=\"Wczytywanie\"><\/div><\/form><\/div>  <!-- .wpforms-container -->\t\t\t\t<\/div>\n\t\t\t\t<\/div>\n\t\t\t\t<div class=\"elementor-element elementor-element-2c79207 elementor-widget elementor-widget-google_maps\" data-id=\"2c79207\" data-element_type=\"widget\" data-e-type=\"widget\" data-widget_type=\"google_maps.default\">\n\t\t\t\t<div class=\"elementor-widget-container\">\n\t\t\t\t\t\t\t<div class=\"elementor-custom-embed\">\n\t\t\t<iframe loading=\"lazy\"\n\t\t\t\t\tsrc=\"https:\/\/maps.google.com\/maps?q=Krak%C3%B3w&#038;t=m&#038;z=12&#038;output=embed&#038;iwloc=near\"\n\t\t\t\t\ttitle=\"Krak\u00f3w\"\n\t\t\t\t\taria-label=\"Krak\u00f3w\"\n\t\t\t><\/iframe>\n\t\t<\/div>\n\t\t\t\t\t\t<\/div>\n\t\t\t\t<\/div>\n\t\t\t\t<div class=\"elementor-element elementor-element-6b1e8aa elementor-widget elementor-widget-spacer\" data-id=\"6b1e8aa\" data-element_type=\"widget\" data-e-type=\"widget\" data-widget_type=\"spacer.default\">\n\t\t\t\t<div class=\"elementor-widget-container\">\n\t\t\t\t\t\t\t<div class=\"elementor-spacer\">\n\t\t\t<div class=\"elementor-spacer-inner\"><\/div>\n\t\t<\/div>\n\t\t\t\t\t\t<\/div>\n\t\t\t\t<\/div>\n\t\t\t\t\t<\/div>\n\t\t<\/div>\n\t\t\t\t\t<\/div>\n\t\t<\/section>\n\t\t\t\t<section class=\"elementor-section elementor-top-section elementor-element elementor-element-d502af4 elementor-section-boxed elementor-section-height-default elementor-section-height-default\" data-id=\"d502af4\" data-element_type=\"section\" data-e-type=\"section\">\n\t\t\t\t\t\t<div class=\"elementor-container elementor-column-gap-default\">\n\t\t\t\t\t<div class=\"elementor-column elementor-col-100 elementor-top-column elementor-element elementor-element-4bef3e5\" data-id=\"4bef3e5\" data-element_type=\"column\" data-e-type=\"column\">\n\t\t\t<div class=\"elementor-widget-wrap elementor-element-populated\">\n\t\t\t\t\t\t<div class=\"elementor-element elementor-element-de863e8 elementor-widget elementor-widget-spacer\" data-id=\"de863e8\" data-element_type=\"widget\" data-e-type=\"widget\" data-widget_type=\"spacer.default\">\n\t\t\t\t<div class=\"elementor-widget-container\">\n\t\t\t\t\t\t\t<div class=\"elementor-spacer\">\n\t\t\t<div class=\"elementor-spacer-inner\"><\/div>\n\t\t<\/div>\n\t\t\t\t\t\t<\/div>\n\t\t\t\t<\/div>\n\t\t\t\t\t<\/div>\n\t\t<\/div>\n\t\t\t\t\t<\/div>\n\t\t<\/section>\n\t\t\t\t<\/div>\n\t\t","protected":false},"excerpt":{"rendered":"<p>CONTACT Aby wype\u0142ni\u0107 ten formularz, w\u0142\u0105cz obs\u0142ug\u0119 JavaScript w przegl\u0105darce.Imi\u0119 *Email *Wiadomo\u015b\u0107 *Zgoda RODO * Zgadzam si\u0119 na przechowywanie przes\u0142anych przeze mnie informacji w tej witrynie internetowej do cel\u00f3w udzielenia odpowiedzi na moje zapytanie. Wy\u015blij<\/p>\n","protected":false},"author":1,"featured_media":0,"parent":0,"menu_order":0,"comment_status":"closed","ping_status":"closed","template":"elementor_header_footer","meta":{"ocean_post_layout":"full-width","ocean_both_sidebars_style":"","ocean_both_sidebars_content_width":0,"ocean_both_sidebars_sidebars_width":0,"ocean_sidebar":"","ocean_second_sidebar":"","ocean_disable_margins":"enable","ocean_add_body_class":"","ocean_shortcode_before_top_bar":"","ocean_shortcode_after_top_bar":"","ocean_shortcode_before_header":"","ocean_shortcode_after_header":"","ocean_has_shortcode":"","ocean_shortcode_after_title":"","ocean_shortcode_before_footer_widgets":"","ocean_shortcode_after_footer_widgets":"","ocean_shortcode_before_footer_bottom":"","ocean_shortcode_after_footer_bottom":"","ocean_display_top_bar":"default","ocean_display_header":"default","ocean_header_style":"","ocean_center_header_left_menu":"","ocean_custom_header_template":"","ocean_custom_logo":0,"ocean_custom_retina_logo":0,"ocean_custom_logo_max_width":0,"ocean_custom_logo_tablet_max_width":0,"ocean_custom_logo_mobile_max_width":0,"ocean_custom_logo_max_height":0,"ocean_custom_logo_tablet_max_height":0,"ocean_custom_logo_mobile_max_height":0,"ocean_header_custom_menu":"","ocean_menu_typo_font_family":"","ocean_menu_typo_font_subset":"","ocean_menu_typo_font_size":0,"ocean_menu_typo_font_size_tablet":0,"ocean_menu_typo_font_size_mobile":0,"ocean_menu_typo_font_size_unit":"px","ocean_menu_typo_font_weight":"","ocean_menu_typo_font_weight_tablet":"","ocean_menu_typo_font_weight_mobile":"","ocean_menu_typo_transform":"","ocean_menu_typo_transform_tablet":"","ocean_menu_typo_transform_mobile":"","ocean_menu_typo_line_height":0,"ocean_menu_typo_line_height_tablet":0,"ocean_menu_typo_line_height_mobile":0,"ocean_menu_typo_line_height_unit":"","ocean_menu_typo_spacing":0,"ocean_menu_typo_spacing_tablet":0,"ocean_menu_typo_spacing_mobile":0,"ocean_menu_typo_spacing_unit":"","ocean_menu_link_color":"","ocean_menu_link_color_hover":"","ocean_menu_link_color_active":"","ocean_menu_link_background":"","ocean_menu_link_hover_background":"","ocean_menu_link_active_background":"","ocean_menu_social_links_bg":"","ocean_menu_social_hover_links_bg":"","ocean_menu_social_links_color":"","ocean_menu_social_hover_links_color":"","ocean_disable_title":"on","ocean_disable_heading":"default","ocean_post_title":"","ocean_post_subheading":"","ocean_post_title_style":"","ocean_post_title_background_color":"","ocean_post_title_background":0,"ocean_post_title_bg_image_position":"","ocean_post_title_bg_image_attachment":"","ocean_post_title_bg_image_repeat":"","ocean_post_title_bg_image_size":"","ocean_post_title_height":0,"ocean_post_title_bg_overlay":0.5,"ocean_post_title_bg_overlay_color":"","ocean_disable_breadcrumbs":"default","ocean_breadcrumbs_color":"","ocean_breadcrumbs_separator_color":"","ocean_breadcrumbs_links_color":"","ocean_breadcrumbs_links_hover_color":"","ocean_display_footer_widgets":"default","ocean_display_footer_bottom":"default","ocean_custom_footer_template":"","footnotes":""},"class_list":["post-394","page","type-page","status-publish","hentry","entry","owp-thumbs-layout-horizontal","owp-btn-big","owp-tabs-layout-horizontal","has-no-thumbnails","has-product-nav"],"yoast_head":"<!-- This site is optimized with the Yoast SEO plugin v27.4 - https:\/\/yoast.com\/product\/yoast-seo-wordpress\/ -->\n<title>CONTACT - Meloshop - Streetwear Shop<\/title>\n<meta name=\"description\" content=\"Skontaktuj si\u0119 z nami - aby uzyska\u0107 szybk\u0105 i profesjonaln\u0105 obs\u0142ug\u0119 klienta. Jeste\u015bmy tutaj, dla Ciebie.\" \/>\n<meta name=\"robots\" content=\"noindex, follow, max-snippet:-1, max-image-preview:large, max-video-preview:-1\" \/>\n<meta property=\"og:locale\" content=\"pl_PL\" \/>\n<meta property=\"og:type\" content=\"article\" \/>\n<meta property=\"og:title\" content=\"CONTACT - Meloshop - Streetwear Shop\" \/>\n<meta property=\"og:description\" content=\"Skontaktuj si\u0119 z nami - aby uzyska\u0107 szybk\u0105 i profesjonaln\u0105 obs\u0142ug\u0119 klienta. Jeste\u015bmy tutaj, dla Ciebie.\" \/>\n<meta property=\"og:url\" content=\"https:\/\/dev.kweb.pl\/meloshop\/contact\/\" \/>\n<meta property=\"og:site_name\" content=\"Meloshop - Streetwear Shop\" \/>\n<meta property=\"article:modified_time\" content=\"2024-06-26T16:08:20+00:00\" \/>\n<meta property=\"og:image\" content=\"https:\/\/dev.kweb.pl\/meloshop\/wp-content\/plugins\/wpforms-lite\/assets\/images\/submit-spin.svg\" \/>\n<meta name=\"twitter:card\" content=\"summary_large_image\" \/>\n<meta name=\"twitter:label1\" content=\"Szacowany czas czytania\" \/>\n\t<meta name=\"twitter:data1\" content=\"1 minuta\" \/>\n<script type=\"application\/ld+json\" class=\"yoast-schema-graph\">{\"@context\":\"https:\\\/\\\/schema.org\",\"@graph\":[{\"@type\":\"WebPage\",\"@id\":\"https:\\\/\\\/dev.kweb.pl\\\/meloshop\\\/contact\\\/\",\"url\":\"https:\\\/\\\/dev.kweb.pl\\\/meloshop\\\/contact\\\/\",\"name\":\"CONTACT - Meloshop - Streetwear Shop\",\"isPartOf\":{\"@id\":\"https:\\\/\\\/dev.kweb.pl\\\/meloshop\\\/#website\"},\"primaryImageOfPage\":{\"@id\":\"https:\\\/\\\/dev.kweb.pl\\\/meloshop\\\/contact\\\/#primaryimage\"},\"image\":{\"@id\":\"https:\\\/\\\/dev.kweb.pl\\\/meloshop\\\/contact\\\/#primaryimage\"},\"thumbnailUrl\":\"https:\\\/\\\/dev.kweb.pl\\\/meloshop\\\/wp-content\\\/plugins\\\/wpforms-lite\\\/assets\\\/images\\\/submit-spin.svg\",\"datePublished\":\"2022-10-19T11:58:34+00:00\",\"dateModified\":\"2024-06-26T16:08:20+00:00\",\"description\":\"Skontaktuj si\u0119 z nami - aby uzyska\u0107 szybk\u0105 i profesjonaln\u0105 obs\u0142ug\u0119 klienta. Jeste\u015bmy tutaj, dla Ciebie.\",\"breadcrumb\":{\"@id\":\"https:\\\/\\\/dev.kweb.pl\\\/meloshop\\\/contact\\\/#breadcrumb\"},\"inLanguage\":\"pl-PL\",\"potentialAction\":[{\"@type\":\"ReadAction\",\"target\":[\"https:\\\/\\\/dev.kweb.pl\\\/meloshop\\\/contact\\\/\"]}]},{\"@type\":\"ImageObject\",\"inLanguage\":\"pl-PL\",\"@id\":\"https:\\\/\\\/dev.kweb.pl\\\/meloshop\\\/contact\\\/#primaryimage\",\"url\":\"https:\\\/\\\/dev.kweb.pl\\\/meloshop\\\/wp-content\\\/plugins\\\/wpforms-lite\\\/assets\\\/images\\\/submit-spin.svg\",\"contentUrl\":\"https:\\\/\\\/dev.kweb.pl\\\/meloshop\\\/wp-content\\\/plugins\\\/wpforms-lite\\\/assets\\\/images\\\/submit-spin.svg\"},{\"@type\":\"BreadcrumbList\",\"@id\":\"https:\\\/\\\/dev.kweb.pl\\\/meloshop\\\/contact\\\/#breadcrumb\",\"itemListElement\":[{\"@type\":\"ListItem\",\"position\":1,\"name\":\"Strona g\u0142\u00f3wna\",\"item\":\"https:\\\/\\\/dev.kweb.pl\\\/meloshop\\\/\"},{\"@type\":\"ListItem\",\"position\":2,\"name\":\"CONTACT\"}]},{\"@type\":\"WebSite\",\"@id\":\"https:\\\/\\\/dev.kweb.pl\\\/meloshop\\\/#website\",\"url\":\"https:\\\/\\\/dev.kweb.pl\\\/meloshop\\\/\",\"name\":\"MELOSHOP\",\"description\":\"\",\"publisher\":{\"@id\":\"https:\\\/\\\/dev.kweb.pl\\\/meloshop\\\/#organization\"},\"potentialAction\":[{\"@type\":\"SearchAction\",\"target\":{\"@type\":\"EntryPoint\",\"urlTemplate\":\"https:\\\/\\\/dev.kweb.pl\\\/meloshop\\\/?s={search_term_string}\"},\"query-input\":{\"@type\":\"PropertyValueSpecification\",\"valueRequired\":true,\"valueName\":\"search_term_string\"}}],\"inLanguage\":\"pl-PL\"},{\"@type\":\"Organization\",\"@id\":\"https:\\\/\\\/dev.kweb.pl\\\/meloshop\\\/#organization\",\"name\":\"MELOSHOP\",\"url\":\"https:\\\/\\\/dev.kweb.pl\\\/meloshop\\\/\",\"logo\":{\"@type\":\"ImageObject\",\"inLanguage\":\"pl-PL\",\"@id\":\"https:\\\/\\\/dev.kweb.pl\\\/meloshop\\\/#\\\/schema\\\/logo\\\/image\\\/\",\"url\":\"https:\\\/\\\/dev.kweb.pl\\\/meloshop\\\/wp-content\\\/uploads\\\/2023\\\/05\\\/cropped-instagram_logo.png\",\"contentUrl\":\"https:\\\/\\\/dev.kweb.pl\\\/meloshop\\\/wp-content\\\/uploads\\\/2023\\\/05\\\/cropped-instagram_logo.png\",\"width\":512,\"height\":512,\"caption\":\"MELOSHOP\"},\"image\":{\"@id\":\"https:\\\/\\\/dev.kweb.pl\\\/meloshop\\\/#\\\/schema\\\/logo\\\/image\\\/\"},\"sameAs\":[\"https:\\\/\\\/www.instagram.com\\\/meloshop.pl\\\/\"]}]}<\/script>\n<!-- \/ Yoast SEO plugin. -->","yoast_head_json":{"title":"CONTACT - Meloshop - Streetwear Shop","description":"Skontaktuj si\u0119 z nami - aby uzyska\u0107 szybk\u0105 i profesjonaln\u0105 obs\u0142ug\u0119 klienta. Jeste\u015bmy tutaj, dla Ciebie.","robots":{"index":"noindex","follow":"follow","max-snippet":"max-snippet:-1","max-image-preview":"max-image-preview:large","max-video-preview":"max-video-preview:-1"},"og_locale":"pl_PL","og_type":"article","og_title":"CONTACT - Meloshop - Streetwear Shop","og_description":"Skontaktuj si\u0119 z nami - aby uzyska\u0107 szybk\u0105 i profesjonaln\u0105 obs\u0142ug\u0119 klienta. Jeste\u015bmy tutaj, dla Ciebie.","og_url":"https:\/\/dev.kweb.pl\/meloshop\/contact\/","og_site_name":"Meloshop - Streetwear Shop","article_modified_time":"2024-06-26T16:08:20+00:00","og_image":[{"url":"https:\/\/dev.kweb.pl\/meloshop\/wp-content\/plugins\/wpforms-lite\/assets\/images\/submit-spin.svg","type":"","width":"","height":""}],"twitter_card":"summary_large_image","twitter_misc":{"Szacowany czas czytania":"1 minuta"},"schema":{"@context":"https:\/\/schema.org","@graph":[{"@type":"WebPage","@id":"https:\/\/dev.kweb.pl\/meloshop\/contact\/","url":"https:\/\/dev.kweb.pl\/meloshop\/contact\/","name":"CONTACT - Meloshop - Streetwear Shop","isPartOf":{"@id":"https:\/\/dev.kweb.pl\/meloshop\/#website"},"primaryImageOfPage":{"@id":"https:\/\/dev.kweb.pl\/meloshop\/contact\/#primaryimage"},"image":{"@id":"https:\/\/dev.kweb.pl\/meloshop\/contact\/#primaryimage"},"thumbnailUrl":"https:\/\/dev.kweb.pl\/meloshop\/wp-content\/plugins\/wpforms-lite\/assets\/images\/submit-spin.svg","datePublished":"2022-10-19T11:58:34+00:00","dateModified":"2024-06-26T16:08:20+00:00","description":"Skontaktuj si\u0119 z nami - aby uzyska\u0107 szybk\u0105 i profesjonaln\u0105 obs\u0142ug\u0119 klienta. Jeste\u015bmy tutaj, dla Ciebie.","breadcrumb":{"@id":"https:\/\/dev.kweb.pl\/meloshop\/contact\/#breadcrumb"},"inLanguage":"pl-PL","potentialAction":[{"@type":"ReadAction","target":["https:\/\/dev.kweb.pl\/meloshop\/contact\/"]}]},{"@type":"ImageObject","inLanguage":"pl-PL","@id":"https:\/\/dev.kweb.pl\/meloshop\/contact\/#primaryimage","url":"https:\/\/dev.kweb.pl\/meloshop\/wp-content\/plugins\/wpforms-lite\/assets\/images\/submit-spin.svg","contentUrl":"https:\/\/dev.kweb.pl\/meloshop\/wp-content\/plugins\/wpforms-lite\/assets\/images\/submit-spin.svg"},{"@type":"BreadcrumbList","@id":"https:\/\/dev.kweb.pl\/meloshop\/contact\/#breadcrumb","itemListElement":[{"@type":"ListItem","position":1,"name":"Strona g\u0142\u00f3wna","item":"https:\/\/dev.kweb.pl\/meloshop\/"},{"@type":"ListItem","position":2,"name":"CONTACT"}]},{"@type":"WebSite","@id":"https:\/\/dev.kweb.pl\/meloshop\/#website","url":"https:\/\/dev.kweb.pl\/meloshop\/","name":"MELOSHOP","description":"","publisher":{"@id":"https:\/\/dev.kweb.pl\/meloshop\/#organization"},"potentialAction":[{"@type":"SearchAction","target":{"@type":"EntryPoint","urlTemplate":"https:\/\/dev.kweb.pl\/meloshop\/?s={search_term_string}"},"query-input":{"@type":"PropertyValueSpecification","valueRequired":true,"valueName":"search_term_string"}}],"inLanguage":"pl-PL"},{"@type":"Organization","@id":"https:\/\/dev.kweb.pl\/meloshop\/#organization","name":"MELOSHOP","url":"https:\/\/dev.kweb.pl\/meloshop\/","logo":{"@type":"ImageObject","inLanguage":"pl-PL","@id":"https:\/\/dev.kweb.pl\/meloshop\/#\/schema\/logo\/image\/","url":"https:\/\/dev.kweb.pl\/meloshop\/wp-content\/uploads\/2023\/05\/cropped-instagram_logo.png","contentUrl":"https:\/\/dev.kweb.pl\/meloshop\/wp-content\/uploads\/2023\/05\/cropped-instagram_logo.png","width":512,"height":512,"caption":"MELOSHOP"},"image":{"@id":"https:\/\/dev.kweb.pl\/meloshop\/#\/schema\/logo\/image\/"},"sameAs":["https:\/\/www.instagram.com\/meloshop.pl\/"]}]}},"_links":{"self":[{"href":"https:\/\/dev.kweb.pl\/meloshop\/wp-json\/wp\/v2\/pages\/394","targetHints":{"allow":["GET"]}}],"collection":[{"href":"https:\/\/dev.kweb.pl\/meloshop\/wp-json\/wp\/v2\/pages"}],"about":[{"href":"https:\/\/dev.kweb.pl\/meloshop\/wp-json\/wp\/v2\/types\/page"}],"author":[{"embeddable":true,"href":"https:\/\/dev.kweb.pl\/meloshop\/wp-json\/wp\/v2\/users\/1"}],"replies":[{"embeddable":true,"href":"https:\/\/dev.kweb.pl\/meloshop\/wp-json\/wp\/v2\/comments?post=394"}],"version-history":[{"count":0,"href":"https:\/\/dev.kweb.pl\/meloshop\/wp-json\/wp\/v2\/pages\/394\/revisions"}],"wp:attachment":[{"href":"https:\/\/dev.kweb.pl\/meloshop\/wp-json\/wp\/v2\/media?parent=394"}],"curies":[{"name":"wp","href":"https:\/\/api.w.org\/{rel}","templated":true}]}}